{"id":2,"date":"2016-10-19T14:53:28","date_gmt":"2016-10-19T14:53:28","guid":{"rendered":"https:\/\/concursos.diariodenavarra.es\/alimentosdnavarra?page_id=2"},"modified":"2026-04-20T09:33:35","modified_gmt":"2026-04-20T07:33:35","slug":"bases-del-concurso","status":"publish","type":"page","link":"https:\/\/concursos.diariodenavarra.es\/alimentosdnavarra\/bases-del-concurso\/","title":{"rendered":"BASES LEGALES DEL CONCURSO MEJOR ALIMENTO DEL A\u00d1O 2026"},"content":{"rendered":"<h2>1. ENTIDAD ORGANIZADORA<\/h2>\n<p>DIARIO DE NAVARRA, S.A.U., con C.I.F. A31419385 y domicilio en Calle Zapater\u00eda n\u00ba49 31001.<\/p>\n<h2>2. \u00c1MBITO Y DURACI\u00d3N<\/h2>\n<p>El concurso se desarrollar\u00e1 en Navarra, Espa\u00f1a. El per\u00edodo de las inscripciones comenzar\u00e1 el 1 de mayo a las 00:01 y finalizar\u00e1 el 25 de julio a las 23:59. La primera fase de votaci\u00f3n comenzar\u00e1 el 1 de agosto a las 00:01 y finalizar\u00e1 el 25 de octubre a las 23:59 y la segunda fase de votaci\u00f3n ser\u00e1 del 1 de noviembre a las 00:01 hasta el 15 de noviembre a las 23:59.<\/p>\n<h2>3. REQUISITOS DE PARTICIPACI\u00d3N<\/h2>\n<p>Podr\u00e1n participar en el concurso todas las personas f\u00edsicas mayores de 18 a\u00f1os, residentes en el \u00e1mbito territorial definido, que cumplan con la mec\u00e1nica de participaci\u00f3n descrita en estas bases. No podr\u00e1n participar empleados de la entidad organizadora ni sus familiares directos.<\/p>\n<h2>4. MEC\u00c1NICA DEL CONCURSO<\/h2>\n<h3>4.1. <u>INSCRIPCI\u00d3N CANDIDATOS<\/u><\/h3>\n<h4><strong>&#8211; REQUISITOS DE LOS CANDIDATOS<\/strong><\/h4>\n<p>Para ser admitido al proceso selectivo, los productos aspirantes deber\u00e1n cumplir una serie de requisitos a demostrar antes del cierre de recepci\u00f3n de las candidaturas y se deben mantener hasta el momento de la entrega de premios.<\/p>\n<ol>\n<li>El producto debe estar englobado en la definici\u00f3n de\u00a0<strong>alimento<\/strong>, de acuerdo con lo definido en el C\u00f3digo Alimentario espa\u00f1ol.<\/li>\n<li>Se podr\u00e1 presentar todo\u00a0producto alimentario\u00a0<strong>que haya salido al mercado en los \u00faltimos 4 a\u00f1os.<\/strong><\/li>\n<li>El alimento debe ser producido por una empresa que est\u00e9 legalmente constituida y registrada en Espa\u00f1a, que tenga un centro de\u00a0<strong>producci\u00f3n en Navarra<\/strong>.<\/li>\n<\/ol>\n<h4><strong>&#8211; PRESENTACI\u00d3N DE CANDIDATURAS<\/strong><\/h4>\n<p>El proceso de entrega de candidaturas\u00a0<strong>se abrir\u00e1 el d\u00eda 1 de mayo<\/strong>\u00a0<strong>y<\/strong>\u00a0<strong>permanecer\u00e1 abierto hasta el d\u00eda 25 de julio<\/strong>, ambos inclusive. Con la posibilidad de cambios, comunic\u00e1ndolo debidamente.<\/p>\n<p>El candidato debe presentar la siguiente documentaci\u00f3n:<\/p>\n<ol>\n<li><strong>Formulario<\/strong>\u00a0de Inscripci\u00f3n<\/li>\n<li>Breve\u00a0<strong>descripci\u00f3n del producto<\/strong>\u00a0presentado. El contenido de la descripci\u00f3n del producto debe contener 100 palabras para poner en valor el alimento.<\/li>\n<li>Una\u00a0<strong>fotograf\u00eda<\/strong>\u00a0del producto<\/li>\n<li>Si es posible, un\u00a0<strong>video<\/strong>\u00a0o spot del producto previamente subido a Youtube<\/li>\n<\/ol>\n<p>El contenido de la propuesta debe ser apropiado. Los solicitantes podr\u00e1n presentar un\u00a0<strong>m\u00e1ximo de 3 productos<\/strong>\u00a0que conllevar\u00e1n una tasa de inscripci\u00f3n:<\/p>\n<ul>\n<li>Inscripci\u00f3n de\u00a0<strong>1 alimento:<\/strong>\u00a0<strong>100\u20ac<\/strong><\/li>\n<li>Inscripci\u00f3n de\u00a0<strong>2 alimentos: 175\u20ac<\/strong><\/li>\n<li>Inscripci\u00f3n de\u00a0<strong>3 alimentos:<\/strong>\u00a0<strong>250\u20ac<\/strong><\/li>\n<\/ul>\n<p>Mediante el proceso de la presentaci\u00f3n del registro, los candidatos declaran que se comprometen a:<\/p>\n<ul>\n<li>Entregar la informaci\u00f3n fidedigna.<\/li>\n<li>Ser titulares del producto y publicar la informaci\u00f3n de este con los permisos correspondientes.<\/li>\n<li>Ser responsable de cualquier reclamaci\u00f3n sobre la propiedad o utilizaci\u00f3n de la informaci\u00f3n aportada, eximiendo a Diario de Navarra ante cualquier posible reclamaci\u00f3n por parte de un tercero.<\/li>\n<li>Entregar cualquier posible informaci\u00f3n adicional que se le pueda requerir.<\/li>\n<li>Aceptar que los derechos de difusi\u00f3n de la informaci\u00f3n presentada al concurso sean reservados para Diario de Navarra.<\/li>\n<li>Tener disponibilidad para acudir a la entrega de los premios.<\/li>\n<\/ul>\n<h4><strong>&#8211; ACTIVACI\u00d3N DE CANDIDATURAS<\/strong><\/h4>\n<p>Una vez sean validadas las diferentes propuestas presentadas, se comunicar\u00e1 a la empresa y se pasar\u00e1 una factura. Con el justificante de pago se subir\u00e1n a una p\u00e1gina dise\u00f1ada para el concurso y se habilitar\u00e1 para la votaci\u00f3n p\u00fablica de las candidaturas, mientras se mantenga abierto el periodo de votaci\u00f3n, que durar\u00e1 casi tres meses.<\/p>\n<h3><u>4.2. <\/u><u>VOTACI\u00d3N<\/u><\/h3>\n<p><strong>Entra en la web<\/strong>\u00a0<a href=\"http:\/\/www.alimentosdnavarra.es\/\">www.alimentosdnavarra.es<\/a>\u00a0y <strong>elige<\/strong>\u00a0<strong>un \u00fanico alimento<\/strong>\u00a0que seg\u00fan t\u00fa es el mejor de los que se han lanzado este pasado a\u00f1o (las categor\u00edas en las que aparecen los productos solo sirven para ordenar los alimentos, pero \u00fanicamente se votar\u00e1 un alimento por usuario).<\/p>\n<ul>\n<li><strong>1\u00aa Fase de votaci\u00f3n:<\/strong><br \/>\nDel\u00a0<strong>1 de agosto de 2026 al 25 de octubre de 2026<\/strong>a las 23:59 h. En esta fase se seleccionar\u00e1n los 5 productos que hayan recibido mayor n\u00famero de votos.<\/li>\n<li><strong>2\u00aa Fase de votaci\u00f3n:<\/strong><br \/>\nDel\u00a0<strong>1 de noviembre de 2026 al 15 de noviembre de 2026<\/strong>a las 23:59 h. En esta fase se realizar\u00e1 una nueva votaci\u00f3n entre los 5 productos seleccionados, resultando ganador aquel que obtenga el mayor n\u00famero de votos.<\/li>\n<\/ul>\n<p>Entre los que voten desde la web se sortear\u00e1n <strong>4 tarjetas regalo de E.Leclerc<\/strong>, por importe de 75 euros cada una.<\/p>\n<p>El sorteo se realizar\u00e1 el d\u00eda\u00a0<strong>27 de octubre\u00a0de 2026<\/strong>\u00a0y los nombres de los ganadores se publicar\u00e1n en la web en la direcci\u00f3n\u00a0<a href=\"http:\/\/www.alimentosdnavarra.es\/\">www.alimentosdnavarra.es<\/a>. El anuncio con los ganadores se publicar\u00e1 en papel el d\u00eda 30 de octubre de 2026.<\/p>\n<p>Para contactar con los ganadores, se les enviar\u00e1 un e-mail inform\u00e1ndoles que han resultado premiados. Desde Diario de Navarra se les comunicar\u00e1 el lugar, d\u00eda y la hora en la que pueden recoger su premio. El ganador dispondr\u00e1 de un plazo de 48 horas desde la recepci\u00f3n del email para aceptar el premio.<\/p>\n<p>Para cada premio se elegir\u00e1n tambi\u00e9n 2 suplentes por si no fuera posible localizar a los ganadores o estos no se pusieran en contacto con Diario de Navarra para recoger su premio.<\/p>\n<p>Los usuarios que voten desde la web solamente podr\u00e1n participar una vez por DNI, Pasaporte o Tarjeta de Residente.<\/p>\n<h2>5. SELCCI\u00d3N DE GANADOR Y PREMIO<\/h2>\n<p>Tras la valoraci\u00f3n del p\u00fablico y la finalizaci\u00f3n de las dos fases de votaci\u00f3n, se proceder\u00e1 a la selecci\u00f3n del ganador. La entrega del premio, as\u00ed como la comunicaci\u00f3n oficial del mismo, se realizar\u00e1 en un\u00a0<strong>acto presencial<\/strong>\u00a0que tendr\u00e1 lugar el\u00a0<strong>20 de noviembre<\/strong>.<\/p>\n<h2>6. CONSIDERACIONES GENERALES<\/h2>\n<p>&#8211; Los regalos de esta promoci\u00f3n NO son canjeables por dinero o por otros art\u00edculos.<\/p>\n<p>&#8211; Diario de Navarra se reserva el derecho de emprender acciones judiciales contra aquellas personas que realicen cualquier tipo de acto susceptible de ser considerado manipulaci\u00f3n o falsificaci\u00f3n del concurso.<\/p>\n<p>&#8211; Para el conocimiento de cualquier litigio que pudiera plantearse en cu\u00e1nto a la interpretaci\u00f3n o aplicaci\u00f3n de las presentes bases, Diario de Navarra, as\u00ed como los participantes en esta promoci\u00f3n, se someten expresamente a la jurisdicci\u00f3n y competencia de los juzgados y tribunales de Pamplona, con renuncia expresa a cualquier otro derecho que les correspondiera o fuera propio si lo tuvieran.<\/p>\n<h2>7. PROTECCI\u00d3N DE DATOS PERSONALES<\/h2>\n<p>De conformidad con la normativa vigente, se informa a los participantes que los datos personales facilitados para participar en este concurso ser\u00e1n tratados por DIARIO DE NAVARRA, S.A.U. como responsable del tratamiento, con la finalidad de gestionar su participaci\u00f3n y, en su caso, entregar el premio. La base jur\u00eddica para el tratamiento es el consentimiento del participante, manifestado a trav\u00e9s de su participaci\u00f3n voluntaria. Los datos del ganador podr\u00e1n ser publicados en los medios y canales de la entidad organizadora. Los datos se conservar\u00e1n durante el tiempo necesario para la gesti\u00f3n del concurso y, posteriormente, se bloquear\u00e1n durante los plazos legales de prescripci\u00f3n.<\/p>\n<h2>8. DERECHOS DE IMAGEN<\/h2>\n<p>Si la participaci\u00f3n en el concurso implica el env\u00edo de fotograf\u00edas, v\u00eddeos u otro material audiovisual, el participante cede a la entidad organizadora los derechos de explotaci\u00f3n sobre dicho material para su uso en el marco del presente concurso y su difusi\u00f3n en los canales de la organizaci\u00f3n, sin limitaci\u00f3n temporal ni territorial.<\/p>\n<h2>9. ACEPTACI\u00d3N DE LAS BASES<\/h2>\n<p>La participaci\u00f3n en este concurso implica la aceptaci\u00f3n \u00edntegra de las presentes bases legales. La organizaci\u00f3n se reserva el derecho a modificar estas bases o a cancelar el concurso por causa justificada.<\/p>\n<h2>10. LEY APLICABLE<\/h2>\n<p>Las presentes bases se rigen por la legislaci\u00f3n espa\u00f1ola.<\/p>\n<p>&nbsp;<\/p>\n<p><strong>Con el asesoramiento t\u00e9cnico de la Asociaci\u00f3n de Industrias Agroalimentarias de Navarra, Arag\u00f3n y La Rioja (ALINAR)<\/strong><\/p>\n<p>&nbsp;<\/p>\n","protected":false},"excerpt":{"rendered":"<p>1. ENTIDAD ORGANIZADORA DIARIO DE NAVARRA, S.A.U., con C.I.F. A31419385 y domicilio en Calle Zapater\u00eda n\u00ba49 31001. 2. \u00c1MBITO Y DURACI\u00d3N El concurso se desarrollar\u00e1 en Navarra, Espa\u00f1a. El per\u00edodo de las inscripciones comenzar\u00e1 el 1 de mayo a las 00:01 y finalizar\u00e1 el 25 de julio a las 23:59. La primera fase de votaci\u00f3n [&hellip;]<\/p>\n","protected":false},"author":1,"featured_media":0,"parent":0,"menu_order":0,"comment_status":"closed","ping_status":"open","template":"","meta":{"footnotes":""},"class_list":["post-2","page","type-page","status-publish","hentry"],"_links":{"self":[{"href":"https:\/\/concursos.diariodenavarra.es\/alimentosdnavarra\/wp-json\/wp\/v2\/pages\/2","targetHints":{"allow":["GET"]}}],"collection":[{"href":"https:\/\/concursos.diariodenavarra.es\/alimentosdnavarra\/wp-json\/wp\/v2\/pages"}],"about":[{"href":"https:\/\/concursos.diariodenavarra.es\/alimentosdnavarra\/wp-json\/wp\/v2\/types\/page"}],"author":[{"embeddable":true,"href":"https:\/\/concursos.diariodenavarra.es\/alimentosdnavarra\/wp-json\/wp\/v2\/users\/1"}],"replies":[{"embeddable":true,"href":"https:\/\/concursos.diariodenavarra.es\/alimentosdnavarra\/wp-json\/wp\/v2\/comments?post=2"}],"version-history":[{"count":25,"href":"https:\/\/concursos.diariodenavarra.es\/alimentosdnavarra\/wp-json\/wp\/v2\/pages\/2\/revisions"}],"predecessor-version":[{"id":1360,"href":"https:\/\/concursos.diariodenavarra.es\/alimentosdnavarra\/wp-json\/wp\/v2\/pages\/2\/revisions\/1360"}],"wp:attachment":[{"href":"https:\/\/concursos.diariodenavarra.es\/alimentosdnavarra\/wp-json\/wp\/v2\/media?parent=2"}],"curies":[{"name":"wp","href":"https:\/\/api.w.org\/{rel}","templated":true}]}}