{"id":2,"date":"2016-10-19T14:53:28","date_gmt":"2016-10-19T14:53:28","guid":{"rendered":"http:\/\/concursos.diariodenavarra.es\/coche2018\/?page_id=2"},"modified":"2026-02-16T11:09:48","modified_gmt":"2026-02-16T11:09:48","slug":"bases-del-concurso","status":"publish","type":"page","link":"https:\/\/concursos.diariodenavarra.es\/coche2026\/bases-del-concurso\/","title":{"rendered":"Sorteo Coche del 2026 de Diario de Navarra &#8211; Bases del concurso"},"content":{"rendered":"\n<p>1.- Identificaci\u00f3n de la Entidad Organizadora<\/p>\n\n\n\n<p>DIARIO DE NAVARRA S.A. compa\u00f1\u00eda mercantil editora del peri\u00f3dico \u201cDiario de Navarra\u201d domiciliada en Pamplona, C.\/ Zapater\u00eda, n\u00ba 49 y N.I.F. A\/3141938.5, con el n\u00ba EJ\/CA-0009.<\/p>\n\n\n\n<p>\u00bfC\u00d3MO PARTICIPAR?<\/p>\n\n\n\n<p>En la web: Elige el coche que seg\u00fan t\u00fa es el mejor de los que se han lanzado en 2025.<\/p>\n\n\n\n<p>1.-\u00c1MBITO DE APLICACI\u00d3N<\/p>\n\n\n\n<p>El periodo de votaci\u00f3n comienza el d\u00eda 19 de diciembre de 2025 y termina a todos los efectos, el d\u00eda 12 de febrero de 2026.<\/p>\n\n\n\n<p>&nbsp;El \u00e1mbito territorial de aplicaci\u00f3n de este concurso es nacional (Espa\u00f1a) y la participaci\u00f3n es gratuita mediante la web. Esta votaci\u00f3n se comunica tanto de Diario de Navarra como en Diariodenavarra.es<\/p>\n\n\n\n<p>FASE VOTACI\u00d3N: Del 19 de diciembre de 2024 hasta el 12 de febrero 2026 a las 23:59h.<\/p>\n\n\n\n<p>SORTEO DE LOS PREMIOS ENTRE LOS PARTICIPANTES: D\u00eda 12 de febrero 2026<\/p>\n\n\n\n<p>2.- MEC\u00c1NICA Y PREMIOS<\/p>\n\n\n\n<p>En la web: Entra aqu\u00ed y elige el coche que seg\u00fan t\u00fa es el mejor de los que se han lanzado este 2025<\/p>\n\n\n\n<p><a href=\"https:\/\/concursos.diariodenavarra.es\/coche2026\">https:\/\/concursos.diariodenavarra.es\/coche2026<\/a> <\/p>\n\n\n\n<p>Entre los que voten desde la web se sortear\u00e1n:<\/p>\n\n\n\n<p>Sorteamos 20 tarjetas regalo de CARTER-CASH, por importe de 50&nbsp; euros cada una.<\/p>\n\n\n\n<p>El sorteo se realizar\u00e1 el d\u00eda 12 de febrero 2026. <\/p>\n\n\n\n<p>El anuncio con los ganadores se publicar\u00e1 en papel el d\u00eda 14 de febrero de 2026.<br>Para contactar con los ganadores, se les enviar\u00e1 un e-mail inform\u00e1ndoles que han resultado premiados. Desde Diario de Navarra se les comunicar\u00e1 el lugar, d\u00eda y la hora en la que pueden recoger su premio.<\/p>\n\n\n\n<p>Para cada premio se elegir\u00e1n tambi\u00e9n 2 suplentes por si no fuera posible localizar a los ganadores o estos no se pusieran en contacto con Diario de Navarra para recoger su premio.<\/p>\n\n\n\n<p>Los usuarios que voten desde la web, solamente podr\u00e1n participar una vez por DNI, Pasaporte o Tarjeta de Residente.<\/p>\n\n\n\n<p>3.- CONSIDERACIONES GENERALES<\/p>\n\n\n\n<p>3.1.- Los regalos de esta promoci\u00f3n NO son canjeables por dinero o por otros art\u00edculos.<\/p>\n\n\n\n<p>3.2.- Diario de Navarra se reserva el derecho de usar el nombre y fotograf\u00eda de los concursantes agraciados a efectos de su utilizaci\u00f3n en fines publicitarios. Por tanto, los participantes autorizan a Diario de Navarra a hacer uso de estos datos y fotograf\u00edas.<\/p>\n\n\n\n<p>3.3.- La simple participaci\u00f3n implica la aceptaci\u00f3n de estas bases en su totalidad, por lo que la manifestaci\u00f3n en el sentido de no aceptaci\u00f3n de las mismas, conllevar\u00e1 la exclusi\u00f3n del participante, y como consecuencia de la misma, Diario de Navarra quedar\u00e1 liberado del cumplimiento de la obligaci\u00f3n contra\u00edda con dicho participante.<\/p>\n\n\n\n<p>3.4.- Diario de Navarra se reserva el derecho de efectuar cualquier cambio, suspender o ampliar esta promoci\u00f3n, siempre que exista una causa que lo justifique.<\/p>\n\n\n\n<p>3.5.- Diario de Navarra se reserva el derecho de emprender acciones judiciales contra aquellas personas que realicen cualquier tipo de acto susceptible de ser considerado manipulaci\u00f3n o falsificaci\u00f3n del concurso.<\/p>\n\n\n\n<p>3.6.- Para el conocimiento de cualquier litigio que pudiera plantearse en cu\u00e1nto a la interpretaci\u00f3n o aplicaci\u00f3n de las presentes bases, Diario de Navarra, as\u00ed como los participantes en esta promoci\u00f3n, se someten expresamente a la jurisdicci\u00f3n y competencia de los juzgados y tribunales de Pamplona, con renuncia expresa a cualquier otro derecho que les correspondiera o fuera propio si lo tuvieran.<\/p>\n\n\n\n<p><strong>5.- CADUCIDAD DEL CONCURSO<\/strong><\/p>\n\n\n\n<p>Este concurso termina, a todos los efectos, el d\u00eda &nbsp;12 de febrero&nbsp; 2026, por lo que cualquier participante que vote por cualquiera de los medios habilitados con posterioridad a dicha fecha, no tendr\u00e1 derecho a participar en este concurso.<\/p>\n\n\n\n<p><strong>6.- CADUCIDAD DE LA ENTREGA DE PREMIOS<\/strong><\/p>\n\n\n\n<p>Los ganadores tienen un plazo de 15 d\u00edas naturales desde el env\u00edo del e-mail y publicaci\u00f3n de los ganadores en el anuncio en \u00a0papel, para ponerse en contacto con Diario de Navarra y reclamar el premio en aquellos casos en los que no sea posible localizar a dichos ganadores desde la organizaci\u00f3n. Pasado este plazo perder\u00e1n el derecho a reclamar el premio.<\/p>\n\n\n\n<p><strong>7.- PROTECCI\u00d3N DE DATOS<\/strong><\/p>\n\n\n\n<p>A los efectos de lo dispuesto en la normativa de protecci\u00f3n de datos, a continuaci\u00f3n, le informamos de la pol\u00edtica de privacidad aplicable a los datos que nos facilite por medio del formulario de participaci\u00f3n en el concurso:<\/p>\n\n\n\n<p><strong>Responsable del tratamiento de cada recogida de datos:<\/strong><\/p>\n\n\n\n<p>Diario de Navarra, S.A. (en adelante el DN) sita en Ctra. Zaragoza, km 2,5, 31191 Cordovilla, Navarra, Tel\u00e9fono (34) 948 236050.<\/p>\n\n\n\n<p><strong>Finalidad<\/strong>&nbsp;<strong>del tratamiento<\/strong>:<\/p>\n\n\n\n<ul class=\"wp-block-list\">\n<li>DN tratar\u00e1 los datos de car\u00e1cter personal que usted le facilite con motivo de su participaci\u00f3n en la presente acci\u00f3n promocional para la gesti\u00f3n de la misma, as\u00ed como en el caso de resultar agraciado para ponerse en contacto con usted y gestionar el premio.<\/li>\n\n\n\n<li>Si usted resultare ganador de la acci\u00f3n promocional, emplearemos sus datos de car\u00e1cter personal, incluida su imagen, para comunicar la identidad del ganador a trav\u00e9s de la p\u00e1gina web y los medios de comunicaci\u00f3n titularidad del Grupo la Informaci\u00f3n, grupo empresarial al que pertenece DN.<\/li>\n\n\n\n<li>Asimismo, le mantendremos informado sobre acciones iguales o similares a la presente, inclusive mediante comunicaciones electr\u00f3nicas, que entren dentro de la expectativa razonable de usted en el momento de su participaci\u00f3n. Este tratamiento podr\u00e1 cesar en el caso de que usted se oponga al mismo.<\/li>\n<\/ul>\n\n\n\n<p><strong>Plazo conservaci\u00f3n:<\/strong>&nbsp;Trataremos sus datos mientras se mantenga vigente la promoci\u00f3n y su relaci\u00f3n con nosotros y una vez finalizada \u00e9sta mientras exista responsabilidad legal para Responsable en relaci\u00f3n con el tratamiento.<\/p>\n\n\n\n<p><strong>Legitimaci\u00f3n:&nbsp;<\/strong>Dependiendo de la finalidad del tratamiento, la base jur\u00eddica del mismo puede ser diferente:<\/p>\n\n\n\n<p><strong>Finalidades relacionadas con la gesti\u00f3n de la promoci\u00f3n<\/strong>:<\/p>\n\n\n\n<ul class=\"wp-block-list\">\n<li><strong>Gesti\u00f3n de la promoci\u00f3n:&nbsp;<\/strong>DN est\u00e1 legitimado para tratar sus datos en virtud del consentimiento v\u00e1lidamente prestado por usted con motivo de su participaci\u00f3n e inscripci\u00f3n en la promoci\u00f3n.<\/li>\n\n\n\n<li><strong>Env\u00edo de comunicaciones comerciales<\/strong>: Atendiendo a la normativa actualmente vigente y habiendo ponderado nuestros intereses y sus derechos le indicamos que ostentamos un&nbsp;inter\u00e9s leg\u00edtimo&nbsp;para tratar sus datos con la finalidad de remitirle comunicaciones comerciales sobre acciones similares a la presente (sin perjuicio de que pueda oponerse en cualquier momento a este tratamiento)<\/li>\n\n\n\n<li><strong>Gesti\u00f3n administrativa<\/strong>&nbsp;<strong>y cumplimientos de obligaciones legales<\/strong>: A nivel contable y administrativo necesitamos tratar sus datos para cumplir con las obligaciones impuestas por entre otras la normativa mercantil o fiscal, por ello estamos legitimados a dicho tratamiento por imperativo legal.<\/li>\n<\/ul>\n\n\n\n<p><strong>Destinatarios de los datos:&nbsp;<\/strong>Con car\u00e1cter general, salvo obligaci\u00f3n legal sus datos no ser\u00e1n cedidos a ning\u00fan tercero sin su consentimiento. En todo caso, algunas comunicaciones y\/o transferencias de datos a terceros pueden venir impuestas por determinada normativa, por ejemplo, fiscal (la comunicaci\u00f3n de sus datos a Haciendas tributarias).<\/p>\n\n\n\n<p>No obstante lo anterior, con motivo de la ejecuci\u00f3n y gesti\u00f3n propia de la promoci\u00f3n Diario de Navarra podr\u00e1 comunicar sus datos a los miembros del jurado a los efectos de detectar cualquier incompatibilidad y garantizar la neutralidad del mismo. Asimismo, en la medida en que el Gobierno de Navarra (Departamento de Desarrollo Econ\u00f3mico del Gobierno de Navarra) y el Instituto Navarro de Tecnolog\u00edas e Infraestructuras Agroalimentarias, S.A de conformidad con lo establecido en las presentes bases tienen la facultad de publicar las obras finalistas identificando al autor de las mismas, se les comunicar\u00e1n los datos de los finalistas a los efectos de la gesti\u00f3n de la impresi\u00f3n y uso de las obras. Esta cesi\u00f3n est\u00e1 legitimada por la ejecuci\u00f3n propia de la promoci\u00f3n por lo que se entiende consentida por su participaci\u00f3n en la misma.<\/p>\n\n\n\n<p>Finalmente le informamos de que DN forma parte de un grupo empresarial por lo que sus datos pueden ser transmitidos a sus organizaciones del Grupo la Informaci\u00f3n En este sentido le informamos de que ninguna de las compa\u00f1\u00edas del grupo se encuentra ubicada en territorios que no ofrezcan garant\u00edas adecuadas en materia de protecci\u00f3n de datos. Dicha comunicaci\u00f3n y\/o transferencia \u00fanicamente responde a finalidades administrativas y de gesti\u00f3n basadas en inter\u00e9s leg\u00edtimo lo que implica que sus datos no ser\u00e1n empleados por el resto del grupo para ninguna finalidad distinta a la aqu\u00ed expresada salvo consentimiento expreso por su parte.<\/p>\n\n\n\n<p><strong>Derechos y ejercicio:<\/strong>&nbsp;Respecto a los datos de car\u00e1cter personal recogidos para su tratamiento tiene la posibilidad de ejercitar los derechos de acceso rectificaci\u00f3n, supresi\u00f3n y portabilidad, mandando un email a&nbsp;<a href=\"mailto:lopd@diariodenavarra.es\">lopd@diariodenavarra.es<\/a>. Asimismo, le informamos de que en determinadas circunstancias usted tendr\u00e1 derecho a solicitar la limitaci\u00f3n u oposici\u00f3n del tratamiento de sus datos en cuyo caso el responsable cesar\u00e1 en su tratamiento y \u00fanicamente conservar\u00e1 los mismos para el ejercicio o la defensa de reclamaciones. El ejercicio de los citados derechos podr\u00e1 hacerse mediante solicitud dirigida por escrito cualquiera de los responsables a trav\u00e9s de los datos de contacto antes indicados, en los t\u00e9rminos que suscribe la legislaci\u00f3n vigente. Del mismo modo puede dirigirse tambi\u00e9n ante la autoridad de control que considere oportuno para interponer su reclamaci\u00f3n (por ejemplo, en el pa\u00eds donde usted tenga su residencia habitual, lugar de trabajo o en el que considere que se ha producido la supuesta infracci\u00f3n). A los efectos oportunos, le informamos que en Espa\u00f1a la Autoridad de Control es la Agencia Espa\u00f1ola de Protecci\u00f3n de Datos (www.agpd.es), y puede ejercitar sus derechos a trav\u00e9s de los formularios que \u00e9sta entidad tiene habilitados al efecto y que est\u00e1n disponible en su&nbsp;<a href=\"https:\/\/sedeagpd.gob.es\/sede-electronica-web\/vistas\/formReclamacionDerechos\/reclamacionDerechos.jsf\">sede electr\u00f3nica<\/a>&nbsp;(<a href=\"https:\/\/sedeagpd.gob.es\/\">https:\/\/sedeagpd.gob.es<\/a>).<\/p>\n","protected":false},"excerpt":{"rendered":"<p>1.- Identificaci\u00f3n de la Entidad Organizadora DIARIO DE NAVARRA S.A. compa\u00f1\u00eda mercantil editora del peri\u00f3dico \u201cDiario de Navarra\u201d domiciliada en Pamplona, C.\/ Zapater\u00eda, n\u00ba 49 y N.I.F. A\/3141938.5, con el n\u00ba EJ\/CA-0009. \u00bfC\u00d3MO PARTICIPAR? En la web: Elige el coche que seg\u00fan t\u00fa es el mejor de los que se han lanzado en 2025. 1.-\u00c1MBITO [&hellip;]<\/p>\n","protected":false},"author":1,"featured_media":0,"parent":0,"menu_order":0,"comment_status":"closed","ping_status":"open","template":"","meta":{"footnotes":""},"class_list":["post-2","page","type-page","status-publish","hentry"],"_links":{"self":[{"href":"https:\/\/concursos.diariodenavarra.es\/coche2026\/wp-json\/wp\/v2\/pages\/2","targetHints":{"allow":["GET"]}}],"collection":[{"href":"https:\/\/concursos.diariodenavarra.es\/coche2026\/wp-json\/wp\/v2\/pages"}],"about":[{"href":"https:\/\/concursos.diariodenavarra.es\/coche2026\/wp-json\/wp\/v2\/types\/page"}],"author":[{"embeddable":true,"href":"https:\/\/concursos.diariodenavarra.es\/coche2026\/wp-json\/wp\/v2\/users\/1"}],"replies":[{"embeddable":true,"href":"https:\/\/concursos.diariodenavarra.es\/coche2026\/wp-json\/wp\/v2\/comments?post=2"}],"version-history":[{"count":23,"href":"https:\/\/concursos.diariodenavarra.es\/coche2026\/wp-json\/wp\/v2\/pages\/2\/revisions"}],"predecessor-version":[{"id":1644,"href":"https:\/\/concursos.diariodenavarra.es\/coche2026\/wp-json\/wp\/v2\/pages\/2\/revisions\/1644"}],"wp:attachment":[{"href":"https:\/\/concursos.diariodenavarra.es\/coche2026\/wp-json\/wp\/v2\/media?parent=2"}],"curies":[{"name":"wp","href":"https:\/\/api.w.org\/{rel}","templated":true}]}}