{"id":13,"date":"2016-06-28T10:02:34","date_gmt":"2016-06-28T10:02:34","guid":{"rendered":"http:\/\/concursos.diariodenavarra.es\/conocer-navarra-2018\/?page_id=13"},"modified":"2025-10-27T12:35:17","modified_gmt":"2025-10-27T11:35:17","slug":"bases-del-concurso","status":"publish","type":"page","link":"https:\/\/concursos.diariodenavarra.es\/conocer-navarra-2025\/bases-del-concurso\/","title":{"rendered":"Bases del Concurso Fotogr\u00e1fico Conocer Navarra 2025"},"content":{"rendered":"<p><strong>ORGANIZADOR<\/strong><\/p>\n<p>DIARIO DE NAVARRA S.A. (compa\u00f1\u00eda mercantil editora del peri\u00f3dico \u201cDiario de Navarra\u201d domiciliada en Pamplona, C.\/ Zapater\u00eda, n\u00ba 49 y N.I.F. A\/31419385) organiza la promoci\u00f3n \u2018Concurso fotogr\u00e1fico Conocer Navarra 2024\u2019 en la cual los participantes podr\u00e1n obtener diferentes premios en el caso de resultar seleccionadas sus fotograf\u00edas por el jurado o votadas por el p\u00fablico, dependiendo de la categor\u00eda.<\/p>\n<p><strong>PARTICIPANTES<\/strong><\/p>\n<p>Pueden concurrir todas las personas mayores de edad que lo deseen, salvo trabajadores del Grupo La Informaci\u00f3n y miembros del jurado. La participaci\u00f3n en este concurso implica la total aceptaci\u00f3n de estas bases. As\u00ed como la sumisi\u00f3n al criterio del jurado en cuanto a la resoluci\u00f3n de cualquier cuesti\u00f3n generada al respecto y a las decisiones interpretativas que de las presentes bases realice este \u00faltimo.<\/p>\n<p><strong>TEM\u00c1TICA<\/strong><\/p>\n<p>Las im\u00e1genes presentadas deben estar ubicadas en Navarra. Se plantean tres categor\u00edas diferentes cada una con un enfoque tem\u00e1tico y requisitos espec\u00edficos:<\/p>\n<ol>\n<li>Paisajes y Patrimonio \u2013 T\u00edtulo: \u201cPaisajes Habitados\u201d.<\/li>\n<\/ol>\n<ul>\n<li>Tem\u00e1tica: Se convoca a la presentaci\u00f3n de fotograf\u00edas que capten la interacci\u00f3n entre la riqueza monumental y natural de Navarra y la presencia de la vida. A diferencia de ediciones anteriores, esta categor\u00eda exige que la imagen no se centre \u00fanicamente en el paisaje vac\u00edo.<\/li>\n<li>Requisito Espec\u00edfico: Las fotograf\u00edas presentadas deber\u00e1n incluir una figura humana o un animal (dom\u00e9stico o salvaje), con el fin de ilustrar c\u00f3mo la vida habita e interact\u00faa con los espacios que conforman el alma del territorio.<\/li>\n<\/ul>\n<ol start=\"2\">\n<li>Gastronom\u00eda y Producto Local \u2013 T\u00edtulo: \u201cDel Origen a la Mesa\u201d<\/li>\n<\/ol>\n<ul>\n<li>Tem\u00e1tica: Esta categor\u00eda busca reivindicar la autenticidad y el arraigo territorial de los productos y la gastronom\u00eda de Navarra.<\/li>\n<li>Requisito Espec\u00edfico: Es condici\u00f3n indispensable que la imagen sea capturada en el lugar de origen o producci\u00f3n del elemento gastron\u00f3mico retratado. No se admitir\u00e1n fotograf\u00edas de platos finales o productos fuera de su contexto de cultivo, cr\u00eda o elaboraci\u00f3n primaria. Se busca reflejar el ciclo completo y la historia detr\u00e1s de cada producto local, desde su cultivo o recolecci\u00f3n o su transformaci\u00f3n artesanal hasta las manos que lo cultivan, transforman o preparan.<\/li>\n<\/ul>\n<ol start=\"3\">\n<li>Fiestas y Tradiciones \u2013 T\u00edtulo: \u201cEmoci\u00f3n en Blanco y Negro\u201d<\/li>\n<\/ol>\n<ul>\n<li>Tem\u00e1tica: Se propone un desaf\u00edo visual y emocional para documentar las fiestas, tradiciones y rituales de Navarra desde una perspectiva atemporal.<\/li>\n<li>Requisito Espec\u00edfico: Todas las im\u00e1genes presentadas en esta categor\u00eda deben estar obligatoriamente en blanco y negro. Se valorar\u00e1 la capacidad del fot\u00f3grafo para utilizar la luz, las sombras, las texturas y la expresi\u00f3n corporal como \u00fanicos protagonistas, congelando en el tiempo emociones colectivas e instantes \u00edntimos de las celebraciones.<\/li>\n<\/ul>\n<p>Si la fotograf\u00eda encajara en m\u00e1s de una categor\u00eda, ser\u00e1 el autor el que decida en cu\u00e1l de ellas prefiere participar.<\/p>\n<p>Tambi\u00e9n se otorgar\u00e1 un premio a la \u201cmejor fotograf\u00eda joven\u201d, im\u00e1genes que podr\u00e1n ser enviadas a cualquiera de las tres categor\u00edas se\u00f1aladas, seg\u00fan criterio del propio autor.<\/p>\n<p>En el caso de aquellas obras que pudieran contener la imagen de personas f\u00edsicas y\/o reproducciones de obras preexistentes, ser\u00e1 responsabilidad de la persona participante recabar las pertinentes autorizaciones y cesiones de las personas cuyos derechos de imagen pudieran haberse visto afectados o de los titulares de los derechos de propiedad intelectual de las obras preexistentes reproducidas en la obra presentada al presente Concurso.<\/p>\n<p>El Participante garantiza la autor\u00eda y el uso pac\u00edfico de su obra de modo que cualquier controversia que pueda surgir por incumplimiento de la Ley en relaci\u00f3n con las obras, especialmente en materia de propiedad intelectual, ser\u00e1 responsabilidad del participante. En el caso de que en las fotograf\u00edas presentadas aparezcan menores de edad, ser\u00e1 necesario el consentimiento expreso de sus padres o representantes legales. En caso de que la imagen sea seleccionada como finalista o resulte premiada, podr\u00e1 solicitarse copia del consentimiento\/autorizaci\u00f3n por escrito.<\/p>\n<p>La organizaci\u00f3n se reserva el derecho de aceptar las obras seg\u00fan se ajusten o no a la tem\u00e1tica planteada y a unos criterios de calidad t\u00e9cnica m\u00ednimos, as\u00ed como de respeto a las personas. En este sentido la organizaci\u00f3n comunica a los participantes que se reserva el derecho a descalificar aquellas obras que a su juicio no cumplan las exigencias de tem\u00e1tica indicadas y especialmente aquellas que por su contenido o composici\u00f3n atenten contra la moral y\/o el orden p\u00fablico o sean denigratorias u ofensivas en modo alguno.<\/p>\n<p><strong>ENV\u00cdO DE LAS OBRAS<\/strong><\/p>\n<p>Cada concursante puede enviar un m\u00e1ximo de 3 obras por categor\u00eda y cada fotograf\u00eda solo puede participar en una categor\u00eda. Deber\u00e1n hacerlo a trav\u00e9s de la siguiente p\u00e1gina web: http:\/\/concursos.diariodenavarra.es\/conocer-navarra-2025\/ Deber\u00e1 rellenar el formulario de admisi\u00f3n que aparece y realizar el env\u00edo.<\/p>\n<p>Se deben presentar en formato .jpg, con un tama\u00f1o de 30 cm en el lado mayor de la foto y 200 ppp de resoluci\u00f3n. Los trabajos presentados no pueden haber sido publicados previamente en revistas, peri\u00f3dicos o libros impresos u on line. Tampoco pueden haber sido objeto de ning\u00fan otro premio fotogr\u00e1fico.<\/p>\n<p>Los autores deber\u00e1n asegurarse de que se guardan una copia de la foto en una resoluci\u00f3n suficiente como para poder hacer una posterior ampliaci\u00f3n en caso de ser seleccionada como finalista.<\/p>\n<p>Las fotograf\u00edas no deber\u00e1n tener marcos, bordes, marcas de agua, firmas ni pies de foto.<\/p>\n<p>No se permiten alteraciones digitales excesivas, como sustituci\u00f3n, adici\u00f3n o eliminaci\u00f3n de elementos a la fotograf\u00eda. Solo se admitir\u00e1n los ajustes del tipo: Correcciones de tono, equilibrio de blancos, luminosidad, contraste, saturaci\u00f3n de color y ajuste de sombras e iluminaci\u00f3n, enfoque moderado y reducci\u00f3n selectiva de ruido digital y granulaci\u00f3n, eliminaci\u00f3n de vi\u00f1eteo, limpieza de part\u00edculas y correcci\u00f3n de distorsiones y aberraciones \u00f3pticas.<\/p>\n<p>Tampoco ser\u00e1n admitidas im\u00e1genes creadas o modificadas mediante inteligencia artificial.<\/p>\n<p>En caso de duda, el jurado podr\u00e1 solicitar los achivos RAW de cualquiera de las fotograf\u00edas presentadas al concurso.<\/p>\n<p><strong>PLAZOS DE ENTREGA<\/strong><\/p>\n<p>El concurso se celebrar\u00e1 en una fase \u00fanica. Los participantes podr\u00e1n enviar las fotograf\u00edas a las tres categor\u00edas desde las 00.01 horas del 21 de octubre al 2 de noviembre, a las 23.59 horas.<\/p>\n<p><strong>SELECCI\u00d3N DE OBRAS Y FALLO<\/strong><\/p>\n<p>Las fotograf\u00edas presentadas a cada categor\u00eda tendr\u00e1n un periodo de exposici\u00f3n p\u00fablica en el espacio creado a tal efecto en la web de Diario de Navarra, al que se podr\u00e1 acceder a trav\u00e9s del enlace: http:\/\/concursos.diariodenavarra.es\/conocer-navarra-2025\/<\/p>\n<p>Un jurado formado por profesionales de la fotograf\u00eda seleccionar\u00e1 cinco im\u00e1genes finalistas por cada categor\u00eda que pasar\u00e1n a la fase final del concurso. El domingo 9 de noviembre, a trav\u00e9s de Diario de Navarra, se conocer\u00e1n los tres ganadores absolutos del concurso, uno por categor\u00eda (elegidos por un jurado) y el premio especial a la Mejor fotograf\u00eda Joven.<\/p>\n<p><strong>JURADO Y ENTREGA DE PREMIOS<\/strong><\/p>\n<p>El jurado estar\u00e1 compuesto por representantes de la revista Conocer Navarra, Diario de Navarra, patrocinadores del concurso y fot\u00f3grafos profesionales. El jurado podr\u00e1 resolver con plena capacidad todas las situaciones no contempladas en estas bases. Entre otras opciones, el jurado podr\u00e1 decidir declarar algunos de los premios desiertos.<\/p>\n<p>La entrega de premios se realizar\u00e1 durante el acto de presentaci\u00f3n del n\u00famero de diciembre de la revista Conocer Navarra.<\/p>\n<p><strong>PREMIOS<\/strong><\/p>\n<p>PREMIO \u201cPAISAJES HABITADOS\u201d: cheque por valor de 700 euros en material fotogr\u00e1fico; dos noches para un m\u00e1ximo de 4 personas, pareja y dos hijos, en r\u00e9gimen de alojamiento y desayuno en bungal\u00f3 de un camping de la Asociaci\u00f3n de Campings de Navarra (El premio deber\u00e1 ser disfrutado entre enero y junio de 2026, excepto Semana Santa, sujeto a la disponibilidad de cada camping); y una suscripci\u00f3n a la revista Conocer Navarra para 2026.<\/p>\n<p>PREMIO \u201cDEL ORIGEN A LA MESA\u201d: cheque por valor de 700 euros en material fotogr\u00e1fico; dos noches para un m\u00e1ximo de 4 personas, pareja y dos hijos, en r\u00e9gimen de alojamiento y desayuno en bungal\u00f3 de un camping de la Asociaci\u00f3n de Campings de Navarra (El premio deber\u00e1 ser disfrutado entre enero y junio de 2026, excepto Semana Santa, sujeto a la disponibilidad de cada camping); y una suscripci\u00f3n a la revista Conocer Navarra para 2026.<\/p>\n<p>PREMIO \u201cEMOCI\u00d3N EN BLANCO Y NEGRO\u201d: cheque por valor de 700 euros en material fotogr\u00e1fico; dos noches para un m\u00e1ximo de 4 personas, pareja y dos hijos, en r\u00e9gimen de alojamiento y desayuno en bungal\u00f3 de un camping de la Asociaci\u00f3n de Campings de Navarra (El premio deber\u00e1 ser disfrutado entre enero y junio de 2026, excepto Semana Santa, sujeto a la disponibilidad de cada camping); y una suscripci\u00f3n a la revista Conocer Navarra para 2026.<\/p>\n<p>PREMIO FOTOGRAF\u00cdA JOVEN: un iPad para la mejor fotograf\u00eda realizada por j\u00f3venes de entre 18 y 30 a\u00f1os; y una suscripci\u00f3n a la revista Conocer Navarra para 2026.<\/p>\n<p><strong>PUBLICACI\u00d3N DE LAS FOTOGRAF\u00cdAS<\/strong><\/p>\n<p>A lo largo de la fase de votaci\u00f3n, las fotograf\u00edas presentadas podr\u00e1n ser utilizadas en las diferentes plataformas de difusi\u00f3n de los organizadores (inclusive redes sociales, p\u00e1ginas web y medios impresos) con el \u00fanico objeto de promocionar la fase participativa del concurso. Diario de Navarra y Conocer Navarra realizar\u00e1n una cobertura informativa especial del concurso. Las finalistas podr\u00e1n ser objeto de una exposici\u00f3n itinerante durante 2026.<\/p>\n<p>En este sentido, a los efectos previstos en la Ley Org\u00e1nica 1\/1982 de 5 de mayo de protecci\u00f3n civil del derecho al honor, a la intimidad personal y familiar y a la propia imagen, los participantes de esta promoci\u00f3n que hayan sido agraciados con un premio, consienten en que los organizadores puedan utilizar p\u00fablicamente con car\u00e1cter gratuito su nombre e imagen como agraciado\/a, en alg\u00fan medio (por ejemplo, p\u00e1gina web, intranet, etc.).<\/p>\n<p><strong>DERECHOS SOBRE LAS FOTOGRAF\u00cdAS<\/strong><\/p>\n<p>Los participantes declaran ser los autores de las obras presentadas al concurso. Asimismo, los participantes con la mera participaci\u00f3n otorgan a los organizadores del Concurso una licencia no exclusiva sobre los derechos de explotaci\u00f3n de las obras presentadas durante el plazo de vigencia del presente concurso con el objeto de que los organizadores den difusi\u00f3n al concurso a trav\u00e9s de los medios que estimen oportunos (prensa escrita, p\u00e1ginas web, carteler\u00eda, redes sociales\u2026) y permitan la comunicaci\u00f3n p\u00fablica de las obras para la votaci\u00f3n popular.<\/p>\n<p>Adicionalmente los ganadores o premiados otorgan respecto de cualquiera de las 15 obras finalistas, as\u00ed como de todas aquellas que hayan obtenido alguno de los premios, a Conocer Navarra y Diario de Navarra, as\u00ed como a INTIA e Instituto de la juventud\/Carn\u00e9 joven en \u201cMejor fotograf\u00eda joven\u201d, una licencia no exclusiva sobre los derechos de explotaci\u00f3n de las obras presentadas, para un \u00e1mbito territorial mundial, durante el m\u00e1ximo tiempo permitido por la ley y para cualquier modalidad de explotaci\u00f3n existente en el momento de la aceptaci\u00f3n de las presentes bases. Dicha licencia, incluye a t\u00edtulo enunciativo, pero no limitativo, los derechos de reproducci\u00f3n, transformaci\u00f3n, distribuci\u00f3n y comunicaci\u00f3n p\u00fablica. En ning\u00fan caso se ceder\u00e1n a terceros, salvo autorizaci\u00f3n expresa del autor. Los participantes se responsabilizar\u00e1n de que no existan derechos a terceros sobre sus obras. Los organizadores se comprometen, por su parte, a indicar el nombre del autor cada vez que su imagen sea reproducida.<\/p>\n<p><strong>PROTECCI\u00d3N DE DATOS<\/strong><\/p>\n<p>A los efectos de lo dispuesto en la normativa de protecci\u00f3n de datos, a continuaci\u00f3n, le informamos de la pol\u00edtica de privacidad aplicable a los datos que nos facilite por medio del formulario de participaci\u00f3n en el concurso:<\/p>\n<p>Responsable del tratamiento de cada recogida de datos:<\/p>\n<p>Diario de Navarra, S.A. (en adelante el DN) sita en Ctra. Zaragoza, km 2,5, 31191 Cordovilla, Navarra, Tel\u00e9fono (34) 948 236050 y direcci\u00f3n de correo electr\u00f3nico lopd@diariodenavarra.es (En adelante DN)<\/p>\n<p>Finalidad del tratamiento:<\/p>\n<p>DN tratar\u00e1 los datos de car\u00e1cter personal que usted le facilite con motivo de su participaci\u00f3n en la presente promoci\u00f3n para la gesti\u00f3n de la misma, as\u00ed como en el caso de resultar agraciado para ponerse en contacto con usted y gestionar el premio.<\/p>\n<p>Si usted resultare ganador de la promoci\u00f3n, emplearemos sus datos de car\u00e1cter personal, incluida su imagen, para comunicar la identidad del ganador a trav\u00e9s de la p\u00e1gina web y los medios de comunicaci\u00f3n titularidad del Grupo la Informaci\u00f3n, grupo empresarial al que pertenece DN.<\/p>\n<p>Asimismo, le mantendremos informado sobre acciones iguales o similares a la presente, inclusive mediante comunicaciones electr\u00f3nicas, que entren dentro de la expectativa razonable de usted en el momento de su participaci\u00f3n. Este tratamiento podr\u00e1 cesar en el caso de que usted se oponga al mismo.<\/p>\n<p>Plazo conservaci\u00f3n: Trataremos sus datos mientras se mantenga vigente la promoci\u00f3n y su relaci\u00f3n con nosotros y una vez finalizada \u00e9sta mientras exista responsabilidad legal para Responsable en relaci\u00f3n con el tratamiento.<\/p>\n<p>Legitimaci\u00f3n: Dependiendo de la finalidad del tratamiento, la base jur\u00eddica del mismo puede ser diferente:<\/p>\n<p>Finalidades relacionadas con la gesti\u00f3n de la promoci\u00f3n:<\/p>\n<p>Gesti\u00f3n de la promoci\u00f3n: DN est\u00e1 legitimado para tratar sus datos en virtud del consentimiento v\u00e1lidamente prestado por usted con motivo de su participaci\u00f3n e inscripci\u00f3n en la promoci\u00f3n.<\/p>\n<p>Env\u00edo de comunicaciones comerciales: Atendiendo a la normativa actualmente vigente y habiendo ponderado nuestros intereses y sus derechos le indicamos que ostentamos un inter\u00e9s leg\u00edtimo para tratar sus datos con la finalidad de remitirle comunicaciones comerciales sobre acciones similares a la presente (sin perjuicio de que pueda oponerse en cualquier momento a este tratamiento)<\/p>\n<p>Gesti\u00f3n administrativa y cumplimientos de obligaciones legales: A nivel contable y administrativo necesitamos tratar sus datos para cumplir con las obligaciones impuestas por entre otras la normativa mercantil o fiscal, por ello estamos legitimados a dicho tratamiento por imperativo legal.<\/p>\n<p>Destinatarios de los datos: Con car\u00e1cter general, salvo obligaci\u00f3n legal sus datos no ser\u00e1n cedidos a ning\u00fan tercero sin su consentimiento. En todo caso, algunas comunicaciones y\/o transferencias de datos a terceros pueden venir impuestas por determinada normativa, por ejemplo, fiscal (la comunicaci\u00f3n de sus datos a Haciendas tributarias).<\/p>\n<p>No obstante lo anterior, con motivo de la ejecuci\u00f3n y gesti\u00f3n propia de la promoci\u00f3n Diario de Navarra podr\u00e1 comunicar sus datos a los miembros del jurado a los efectos de detectar cualquier incompatibilidad y garantizar la neutralidad del mismo. Asimismo, en la medida en que el Instituto Navarro de Tecnolog\u00edas e Infraestructuras Agroalimentarias, S.A y el Instituto de Juventud, de conformidad con lo establecido en las presentes bases tienen la facultad de publicar las obras finalistas identificando al autor de las mismas, se les comunicar\u00e1n los datos de los finalistas a los efectos de la gesti\u00f3n de la impresi\u00f3n y uso de las obras. Esta cesi\u00f3n est\u00e1 legitimada por la ejecuci\u00f3n propia de la promoci\u00f3n por lo que se entiende consentida por su participaci\u00f3n en la misma.<\/p>\n<p>Finalmente le informamos de que DN forma parte de un grupo empresarial por lo que sus datos pueden ser transmitidos a sus organizaciones del Grupo la Informaci\u00f3n. En este sentido le informamos de que ninguna de las compa\u00f1\u00edas del grupo se encuentra ubicada en territorios que no ofrezcan garant\u00edas adecuadas en materia de protecci\u00f3n de datos. Dicha comunicaci\u00f3n y\/o transferencia \u00fanicamente responde a finalidades administrativas y de gesti\u00f3n basadas en inter\u00e9s leg\u00edtimo lo que implica que sus datos no ser\u00e1n empleados por el resto del grupo para ninguna finalidad distinta a la aqu\u00ed expresada salvo consentimiento expreso por su parte.<\/p>\n<p>Derechos y ejercicio: Respecto a los datos de car\u00e1cter personal recogidos para su tratamiento tiene la posibilidad de ejercitar los derechos de acceso rectificaci\u00f3n, supresi\u00f3n y portabilidad. Asimismo, le informamos de que en determinadas circunstancias usted tendr\u00e1 derecho a solicitar la limitaci\u00f3n u oposici\u00f3n del tratamiento de sus datos en cuyo caso el responsable cesar\u00e1 en su tratamiento y \u00fanicamente conservar\u00e1 los mismos para el ejercicio o la defensa de reclamaciones. El ejercicio de los citados derechos podr\u00e1 hacerse mediante solicitud dirigida por escrito cualquiera de los responsables a trav\u00e9s de los datos de contacto antes indicados, en los t\u00e9rminos que suscribe la legislaci\u00f3n vigente. Del mismo modo puede dirigirse tambi\u00e9n ante la autoridad de control que considere oportuno para interponer su reclamaci\u00f3n (por ejemplo, en el pa\u00eds donde usted tenga su residencia habitual, lugar de trabajo o en el que considere que se ha producido la supuesta infracci\u00f3n). A los efectos oportunos, le informamos que en Espa\u00f1a la Autoridad de Control es la Agencia Espa\u00f1ola de Protecci\u00f3n de Datos (www.agpd.es), y puede ejercitar sus derechos a trav\u00e9s de los formularios que \u00e9sta entidad tiene habilitados al efecto y que est\u00e1n disponible en su sede electr\u00f3nica (https:\/\/sedeagpd.gob.es).<\/p>\n<p><strong>LEGISLACI\u00d3N Y FUERO.<\/strong><\/p>\n<p>La legislaci\u00f3n aplicable a la presente acci\u00f3n ser\u00e1 la espa\u00f1ola, mientras que para cuantas controversias puedan derivarse de la interpretaci\u00f3n y ejecuci\u00f3n del presente documento, las partes se someten a la jurisdicci\u00f3n de los Juzgados y Tribunales que por ley pudieran corresponder al consumidor.<\/p>\n","protected":false},"excerpt":{"rendered":"<p>ORGANIZADOR DIARIO DE NAVARRA S.A. (compa\u00f1\u00eda mercantil editora del peri\u00f3dico \u201cDiario de Navarra\u201d domiciliada en Pamplona, C.\/ Zapater\u00eda, n\u00ba 49 y N.I.F. A\/31419385) organiza la promoci\u00f3n \u2018Concurso fotogr\u00e1fico Conocer Navarra 2024\u2019 en la cual los participantes podr\u00e1n obtener diferentes premios en el caso de resultar seleccionadas sus fotograf\u00edas por el jurado o votadas por el [&hellip;]<\/p>\n","protected":false},"author":1,"featured_media":0,"parent":0,"menu_order":0,"comment_status":"closed","ping_status":"closed","template":"","meta":{"footnotes":""},"categories":[],"tags":[],"class_list":["post-13","page","type-page","status-publish","hentry"],"_links":{"self":[{"href":"https:\/\/concursos.diariodenavarra.es\/conocer-navarra-2025\/wp-json\/wp\/v2\/pages\/13","targetHints":{"allow":["GET"]}}],"collection":[{"href":"https:\/\/concursos.diariodenavarra.es\/conocer-navarra-2025\/wp-json\/wp\/v2\/pages"}],"about":[{"href":"https:\/\/concursos.diariodenavarra.es\/conocer-navarra-2025\/wp-json\/wp\/v2\/types\/page"}],"author":[{"embeddable":true,"href":"https:\/\/concursos.diariodenavarra.es\/conocer-navarra-2025\/wp-json\/wp\/v2\/users\/1"}],"replies":[{"embeddable":true,"href":"https:\/\/concursos.diariodenavarra.es\/conocer-navarra-2025\/wp-json\/wp\/v2\/comments?post=13"}],"version-history":[{"count":40,"href":"https:\/\/concursos.diariodenavarra.es\/conocer-navarra-2025\/wp-json\/wp\/v2\/pages\/13\/revisions"}],"predecessor-version":[{"id":24981,"href":"https:\/\/concursos.diariodenavarra.es\/conocer-navarra-2025\/wp-json\/wp\/v2\/pages\/13\/revisions\/24981"}],"wp:attachment":[{"href":"https:\/\/concursos.diariodenavarra.es\/conocer-navarra-2025\/wp-json\/wp\/v2\/media?parent=13"}],"wp:term":[{"taxonomy":"category","embeddable":true,"href":"https:\/\/concursos.diariodenavarra.es\/conocer-navarra-2025\/wp-json\/wp\/v2\/categories?post=13"},{"taxonomy":"post_tag","embeddable":true,"href":"https:\/\/concursos.diariodenavarra.es\/conocer-navarra-2025\/wp-json\/wp\/v2\/tags?post=13"}],"curies":[{"name":"wp","href":"https:\/\/api.w.org\/{rel}","templated":true}]}}