{"id":22,"date":"2016-06-28T10:10:35","date_gmt":"2016-06-28T10:10:35","guid":{"rendered":"http:\/\/concursos.diariodenavarra.es\/conocer-navarra-2018\/?page_id=22"},"modified":"2025-10-27T12:58:12","modified_gmt":"2025-10-27T11:58:12","slug":"premios-y-patrocinadores","status":"publish","type":"page","link":"https:\/\/concursos.diariodenavarra.es\/conocer-navarra-2025\/premios-y-patrocinadores\/","title":{"rendered":"Premios y patrocinadores"},"content":{"rendered":"<div class=\"row\">\n<div class=\"col-xs-12 col-sm-12 col-md-12\">\n<h2 style=\"background-color: #ffffff;\">LOS PREMIOS<\/h2>\n<\/div>\n<\/div>\n<div class=\"row\">\n<div class=\"col-xs-12 col-sm-2 col-md-2\"><img decoding=\"async\" class=\"img-resposive\" src=\"\/conocer-navarra-2025\/wp-content\/uploads\/2025\/10\/premio-700-euros.jpg\" \/><\/div>\n<div class=\"col-xs-12 col-sm-4 col-md-4\">\n<h2 style=\"background-color: #ffffff;\">Premio \u201cLa emoci\u00f3n en blanco y negro\u201d:<\/h2>\n<p>700 euros en material fotogr\u00e1fico; un fin de semana en un bungal\u00f3 (2 adultos+2 ni\u00f1os) de la Asociaci\u00f3n Campings de Navarra; y una suscripci\u00f3n a la revista Conocer Navarra para 2026.<\/p>\n<\/div>\n<div class=\"col-xs-12 col-sm-2 col-md-2\"><img decoding=\"async\" class=\"img-resposive\" src=\"\/conocer-navarra-2025\/wp-content\/uploads\/2025\/10\/premio-700-euros.jpg\" \/><\/div>\n<div class=\"col-xs-12 col-sm-4 col-md-4\">\n<h2 style=\"background-color: #ffffff;\">Premio \u201cDel origen a la mesa\u201d<\/h2>\n<p>700 euros en material fotogr\u00e1fico; un fin de semana en un bungal\u00f3 (2 adultos+2 ni\u00f1os) de la Asociaci\u00f3n Campings de Navarra; y una suscripci\u00f3n a la revista Conocer Navarra para 2026.<\/p>\n<\/div>\n<\/div>\n<div class=\"row\">\n<div class=\"col-xs-12 col-sm-2 col-md-2\"><img decoding=\"async\" class=\"img-resposive\" src=\"\/conocer-navarra-2025\/wp-content\/uploads\/2025\/10\/premio-700-euros.jpg\" \/><\/div>\n<div class=\"col-xs-12 col-sm-4 col-md-4\">\n<h2 style=\"background-color: #ffffff;\">Premio \u201cPostales habitadas\u201d<\/h2>\n<p>700 euros en material fotogr\u00e1fico, un fin de semana en un bungal\u00f3 (2 adultos+2 ni\u00f1os) de la Asociaci\u00f3n Campings de Navarra; y una suscripci\u00f3n a la revista Conocer Navarra para 2026<\/p>\n<\/div>\n<div class=\"col-xs-12 col-sm-2 col-md-2\"><img decoding=\"async\" class=\"img-resposive\" src=\"\/conocer-navarra-2025\/wp-content\/uploads\/2025\/10\/premio-joven.jpg\" \/><\/div>\n<div class=\"col-xs-12 col-sm-4 col-md-4\">\n<h2 style=\"background-color: #ffffff;\">Mejor fotograf\u00eda joven<\/h2>\n<p>iPad; y una suscripci\u00f3n a la revista Conocer Navarra para 2026.<\/p>\n<\/div>\n<\/div>\n<p><!--\n\n\n<div class=\"row\">\n\n\n<div class=\"col-xs-12 col-sm-2 col-md-2\"><img decoding=\"async\" class=\"img-resposive\" src=\"\/conocer-navarra-2025\/wp-content\/uploads\/2021\/09\/Bolo-premio-gastro.jpg\" \/><\/div>\n\n\n\n\n<div class=\"col-xs-12 col-sm-4 col-md-4\">\n\n\n<h2 style=\"background-color: #ffffff;\">MEJOR FOTO GASTRON\u00d3MICA REYNO GOURMET<\/h2>\n\n\nLote de productos valorado en 500 euros para la fotograf\u00eda que mejor exprese la riqueza gastron\u00f3mica de Navarra.<\/div>\n\n\n\n\n<div class=\"col-xs-12 col-sm-2 col-md-2\"><img decoding=\"async\" class=\"img-resposive\" src=\"\/conocer-navarra-2025\/wp-content\/uploads\/2021\/09\/Bolo-premio-joven.jpg\" \/><\/div>\n\n\n\n\n<div class=\"col-xs-12 col-sm-4 col-md-4\">\n\n\n<h2 style=\"background-color: #ffffff;\">MEJOR FOTOGRAF\u00cdA JOVEN<\/h2>\n\n\n500 euros en material fotogr\u00e1fico para la mejor fotograf\u00eda realizada por j\u00f3venes de entre 18 y 30 a\u00f1os; y una suscripci\u00f3n a la revista Conocer Navarra para 2025.<\/div>\n\n\n<\/div>\n\n\n--><\/p>\n<div class=\"row\">\n<div class=\"col-xs-12 col-sm-12 col-md-12\">\n<h1 style=\"background-color: #ffffff; color: #000;\">LOS PATROCINADORES<\/h1>\n<\/div>\n<\/div>\n<div class=\"row\">\n<div class=\"col-xs-12 col-sm-12 col-md-12\"><img loading=\"lazy\" decoding=\"async\" class=\"alignnone size-full wp-image-13060\" src=\"\/conocer-navarra-2025\/wp-content\/uploads\/2025\/10\/logo-patrocinadores-2025-v02.jpg\" alt=\"\" width=\"936\" height=\"850\" \/><\/div>\n<\/div>\n","protected":false},"excerpt":{"rendered":"<p>LOS PREMIOS Premio \u201cLa emoci\u00f3n en blanco y negro\u201d: 700 euros en material fotogr\u00e1fico; un fin de semana en un bungal\u00f3 (2 adultos+2 ni\u00f1os) de la Asociaci\u00f3n Campings de Navarra; y una suscripci\u00f3n a la revista Conocer Navarra para 2026. Premio \u201cDel origen a la mesa\u201d 700 euros en material fotogr\u00e1fico; un fin de semana [&hellip;]<\/p>\n","protected":false},"author":1,"featured_media":0,"parent":0,"menu_order":0,"comment_status":"closed","ping_status":"closed","template":"","meta":{"footnotes":""},"categories":[],"tags":[],"class_list":["post-22","page","type-page","status-publish","hentry"],"_links":{"self":[{"href":"https:\/\/concursos.diariodenavarra.es\/conocer-navarra-2025\/wp-json\/wp\/v2\/pages\/22","targetHints":{"allow":["GET"]}}],"collection":[{"href":"https:\/\/concursos.diariodenavarra.es\/conocer-navarra-2025\/wp-json\/wp\/v2\/pages"}],"about":[{"href":"https:\/\/concursos.diariodenavarra.es\/conocer-navarra-2025\/wp-json\/wp\/v2\/types\/page"}],"author":[{"embeddable":true,"href":"https:\/\/concursos.diariodenavarra.es\/conocer-navarra-2025\/wp-json\/wp\/v2\/users\/1"}],"replies":[{"embeddable":true,"href":"https:\/\/concursos.diariodenavarra.es\/conocer-navarra-2025\/wp-json\/wp\/v2\/comments?post=22"}],"version-history":[{"count":38,"href":"https:\/\/concursos.diariodenavarra.es\/conocer-navarra-2025\/wp-json\/wp\/v2\/pages\/22\/revisions"}],"predecessor-version":[{"id":24984,"href":"https:\/\/concursos.diariodenavarra.es\/conocer-navarra-2025\/wp-json\/wp\/v2\/pages\/22\/revisions\/24984"}],"wp:attachment":[{"href":"https:\/\/concursos.diariodenavarra.es\/conocer-navarra-2025\/wp-json\/wp\/v2\/media?parent=22"}],"wp:term":[{"taxonomy":"category","embeddable":true,"href":"https:\/\/concursos.diariodenavarra.es\/conocer-navarra-2025\/wp-json\/wp\/v2\/categories?post=22"},{"taxonomy":"post_tag","embeddable":true,"href":"https:\/\/concursos.diariodenavarra.es\/conocer-navarra-2025\/wp-json\/wp\/v2\/tags?post=22"}],"curies":[{"name":"wp","href":"https:\/\/api.w.org\/{rel}","templated":true}]}}